{"id":2,"date":"2013-01-16T03:08:17","date_gmt":"2013-01-16T01:08:17","guid":{"rendered":"http:\/\/foto.maronde.org\/?page_id=2"},"modified":"2020-02-14T02:13:05","modified_gmt":"2020-02-14T00:13:05","slug":"beispiel-seite","status":"publish","type":"page","link":"https:\/\/www.cabaret-carnage.de\/?page_id=2","title":{"rendered":"Le Cabaret"},"content":{"rendered":"<h3><img loading=\"lazy\" decoding=\"async\" class=\"alignright wp-image-527 size-full\" src=\"http:\/\/www.cabaret-carnage.de\/wp-content\/uploads\/2013\/01\/cabaret-carnage-c4.jpg\" alt=\"cabaret-carnage-c4\" width=\"350\" height=\"467\" srcset=\"https:\/\/www.cabaret-carnage.de\/wp-content\/uploads\/2013\/01\/cabaret-carnage-c4.jpg 350w, https:\/\/www.cabaret-carnage.de\/wp-content\/uploads\/2013\/01\/cabaret-carnage-c4-224x300.jpg 224w\" sizes=\"auto, (max-width: 350px) 100vw, 350px\" \/>Bienvenue au Cabaret Carnage!<\/h3>\n<p>Cabaret Carnage ist vielleicht ein eigent\u00fcmliches \u00c9tablissement, kommt aber komplett ohne doppelten Boden und Masquerade aus. Wobei, so ganz ohne Masquerade geht es nicht &#8211; im Mittelpunkt stehen aber vielf\u00e4ltigste Unterhaltung, Schwei\u00df und Energie. Manchmal rumpelig, aber immer mit Charme und Niveau.<\/p>\n<p>Wir bieten Ihnen eine erlesene S\u00e9lection an Bildern, die Sie thematisch geordnet in eigenen S\u00e9par\u00e9s finden.<\/p>\n<p>St\u00f6bern Sie ganz nach Ihrem Plaisir. Aber Vorsicht: Gucken ist erw\u00fcnscht, anfassen nicht!<\/p>\n<p><strong>Notres Horaires d&#8217;Ouverture:<\/strong><\/p>\n<p>Wir sind 365 Tage im Jahr &#8211; also sieben Tage die Woche von Mitternacht bis Minuit &#8211; f\u00fcr Sie da!<\/p>\n","protected":false},"excerpt":{"rendered":"<p>Bienvenue au Cabaret Carnage! Cabaret Carnage ist vielleicht ein eigent\u00fcmliches \u00c9tablissement, kommt aber komplett ohne doppelten Boden und Masquerade aus. Wobei, so ganz ohne Masquerade geht es nicht &#8211; im Mittelpunkt stehen aber vielf\u00e4ltigste Unterhaltung, Schwei\u00df und Energie. Manchmal rumpelig, aber immer mit Charme und Niveau. Wir bieten Ihnen eine erlesene S\u00e9lection an Bildern, die [&hellip;]<\/p>\n","protected":false},"author":1,"featured_media":0,"parent":0,"menu_order":0,"comment_status":"closed","ping_status":"closed","template":"","meta":{"footnotes":""},"class_list":["post-2","page","type-page","status-publish","hentry"],"_links":{"self":[{"href":"https:\/\/www.cabaret-carnage.de\/index.php?rest_route=\/wp\/v2\/pages\/2","targetHints":{"allow":["GET"]}}],"collection":[{"href":"https:\/\/www.cabaret-carnage.de\/index.php?rest_route=\/wp\/v2\/pages"}],"about":[{"href":"https:\/\/www.cabaret-carnage.de\/index.php?rest_route=\/wp\/v2\/types\/page"}],"author":[{"embeddable":true,"href":"https:\/\/www.cabaret-carnage.de\/index.php?rest_route=\/wp\/v2\/users\/1"}],"replies":[{"embeddable":true,"href":"https:\/\/www.cabaret-carnage.de\/index.php?rest_route=%2Fwp%2Fv2%2Fcomments&post=2"}],"version-history":[{"count":19,"href":"https:\/\/www.cabaret-carnage.de\/index.php?rest_route=\/wp\/v2\/pages\/2\/revisions"}],"predecessor-version":[{"id":1382,"href":"https:\/\/www.cabaret-carnage.de\/index.php?rest_route=\/wp\/v2\/pages\/2\/revisions\/1382"}],"wp:attachment":[{"href":"https:\/\/www.cabaret-carnage.de\/index.php?rest_route=%2Fwp%2Fv2%2Fmedia&parent=2"}],"curies":[{"name":"wp","href":"https:\/\/api.w.org\/{rel}","templated":true}]}}