{"id":90,"date":"2013-01-16T19:54:52","date_gmt":"2013-01-16T17:54:52","guid":{"rendered":"http:\/\/foto.maronde.org\/?page_id=90"},"modified":"2019-12-27T03:11:27","modified_gmt":"2019-12-27T01:11:27","slug":"le-patron","status":"publish","type":"page","link":"https:\/\/www.cabaret-carnage.de\/?page_id=90","title":{"rendered":"Le Patron"},"content":{"rendered":"<h3><img loading=\"lazy\" decoding=\"async\" class=\"wp-image-529 size-full aligncenter\" src=\"http:\/\/www.cabaret-carnage.de\/wp-content\/uploads\/2013\/01\/cabaret-carnage-p2.jpg\" alt=\"cabaret-carnage-p2\" width=\"350\" height=\"345\" srcset=\"https:\/\/www.cabaret-carnage.de\/wp-content\/uploads\/2013\/01\/cabaret-carnage-p2.jpg 350w, https:\/\/www.cabaret-carnage.de\/wp-content\/uploads\/2013\/01\/cabaret-carnage-p2-300x295.jpg 300w\" sizes=\"auto, (max-width: 350px) 100vw, 350px\" \/><\/h3>\n<h3>Bonjour messieurs-dames,<\/h3>\n<p>ich hei\u00dfe Sie herzlich willkommen in meinem \u00c9tablissement! Hier finden Sie die Ergebnisse ehrlicher Arbeit &#8211; \u00fcbrigens zumeist entstanden &#8218;apr\u00e8s le travail&#8216;.<\/p>\n<p>Nicht immer Haute Cuisine, aber hoffentlich immer sehenswert. Mein Anliegen ist nicht Perfection, nebenbei gesagt auch kaum m\u00f6glich. Ich bin kein Photographe, ich mache Bilder.<\/p>\n<p>Bei dieser Gelegenheit noch ein Blick auf<\/p>\n<p><strong>L&#8217;\u00c9quipement:<\/strong><\/p>\n<p>Canon EOS 650D<br \/>\nCanon EOS 1000D<br \/>\nSigma 17-50mm F2,8 HSM EX OS DC<br \/>\nSigma 18-200mm F3,5-6,3 DC<br \/>\nCanon EF 50mm f\/1,8 II<br \/>\nCanon EF-S 18-55 IS II<br \/>\nLightroom 4.4<\/p>\n<p>C&#8217;est tout.<\/p>\n","protected":false},"excerpt":{"rendered":"<p>Bonjour messieurs-dames, ich hei\u00dfe Sie herzlich willkommen in meinem \u00c9tablissement! Hier finden Sie die Ergebnisse ehrlicher Arbeit &#8211; \u00fcbrigens zumeist entstanden &#8218;apr\u00e8s le travail&#8216;. Nicht immer Haute Cuisine, aber hoffentlich immer sehenswert. Mein Anliegen ist nicht Perfection, nebenbei gesagt auch kaum m\u00f6glich. Ich bin kein Photographe, ich mache Bilder. Bei dieser Gelegenheit noch ein Blick [&hellip;]<\/p>\n","protected":false},"author":1,"featured_media":0,"parent":0,"menu_order":0,"comment_status":"closed","ping_status":"closed","template":"","meta":{"footnotes":""},"class_list":["post-90","page","type-page","status-publish","hentry"],"_links":{"self":[{"href":"https:\/\/www.cabaret-carnage.de\/index.php?rest_route=\/wp\/v2\/pages\/90","targetHints":{"allow":["GET"]}}],"collection":[{"href":"https:\/\/www.cabaret-carnage.de\/index.php?rest_route=\/wp\/v2\/pages"}],"about":[{"href":"https:\/\/www.cabaret-carnage.de\/index.php?rest_route=\/wp\/v2\/types\/page"}],"author":[{"embeddable":true,"href":"https:\/\/www.cabaret-carnage.de\/index.php?rest_route=\/wp\/v2\/users\/1"}],"replies":[{"embeddable":true,"href":"https:\/\/www.cabaret-carnage.de\/index.php?rest_route=%2Fwp%2Fv2%2Fcomments&post=90"}],"version-history":[{"count":14,"href":"https:\/\/www.cabaret-carnage.de\/index.php?rest_route=\/wp\/v2\/pages\/90\/revisions"}],"predecessor-version":[{"id":1380,"href":"https:\/\/www.cabaret-carnage.de\/index.php?rest_route=\/wp\/v2\/pages\/90\/revisions\/1380"}],"wp:attachment":[{"href":"https:\/\/www.cabaret-carnage.de\/index.php?rest_route=%2Fwp%2Fv2%2Fmedia&parent=90"}],"curies":[{"name":"wp","href":"https:\/\/api.w.org\/{rel}","templated":true}]}}